{"id":1940,"date":"2024-11-15T00:02:35","date_gmt":"2024-11-14T20:02:35","guid":{"rendered":"https:\/\/dentexp.com\/technologie-de-pointe\/cerec-cad-cam-machine\/"},"modified":"2025-04-28T22:08:26","modified_gmt":"2025-04-28T18:08:26","slug":"cerec-cad-cam-machine-de-fraisage","status":"publish","type":"page","link":"https:\/\/dentexp.com\/fr\/technologie\/cerec-cad-cam-machine-de-fraisage\/","title":{"rendered":"CEREC CAD\/CAM &#038; Machine de Fraisage"},"content":{"rendered":"\t\t<div data-elementor-type=\"wp-page\" data-elementor-id=\"1940\" class=\"elementor elementor-1940 elementor-875\" data-elementor-settings=\"{&quot;element_pack_global_tooltip_width&quot;:{&quot;unit&quot;:&quot;px&quot;,&quot;size&quot;:&quot;&quot;,&quot;sizes&quot;:[]},&quot;element_pack_global_tooltip_width_tablet&quot;:{&quot;unit&quot;:&quot;px&quot;,&quot;size&quot;:&quot;&quot;,&quot;sizes&quot;:[]},&quot;element_pack_global_tooltip_width_mobile&quot;:{&quot;unit&quot;:&quot;px&quot;,&quot;size&quot;:&quot;&quot;,&quot;sizes&quot;:[]},&quot;element_pack_global_tooltip_padding&quot;:{&quot;unit&quot;:&quot;px&quot;,&quot;top&quot;:&quot;&quot;,&quot;right&quot;:&quot;&quot;,&quot;bottom&quot;:&quot;&quot;,&quot;left&quot;:&quot;&quot;,&quot;isLinked&quot;:true},&quot;element_pack_global_tooltip_padding_tablet&quot;:{&quot;unit&quot;:&quot;px&quot;,&quot;top&quot;:&quot;&quot;,&quot;right&quot;:&quot;&quot;,&quot;bottom&quot;:&quot;&quot;,&quot;left&quot;:&quot;&quot;,&quot;isLinked&quot;:true},&quot;element_pack_global_tooltip_padding_mobile&quot;:{&quot;unit&quot;:&quot;px&quot;,&quot;top&quot;:&quot;&quot;,&quot;right&quot;:&quot;&quot;,&quot;bottom&quot;:&quot;&quot;,&quot;left&quot;:&quot;&quot;,&quot;isLinked&quot;:true},&quot;element_pack_global_tooltip_border_radius&quot;:{&quot;unit&quot;:&quot;px&quot;,&quot;top&quot;:&quot;&quot;,&quot;right&quot;:&quot;&quot;,&quot;bottom&quot;:&quot;&quot;,&quot;left&quot;:&quot;&quot;,&quot;isLinked&quot;:true},&quot;element_pack_global_tooltip_border_radius_tablet&quot;:{&quot;unit&quot;:&quot;px&quot;,&quot;top&quot;:&quot;&quot;,&quot;right&quot;:&quot;&quot;,&quot;bottom&quot;:&quot;&quot;,&quot;left&quot;:&quot;&quot;,&quot;isLinked&quot;:true},&quot;element_pack_global_tooltip_border_radius_mobile&quot;:{&quot;unit&quot;:&quot;px&quot;,&quot;top&quot;:&quot;&quot;,&quot;right&quot;:&quot;&quot;,&quot;bottom&quot;:&quot;&quot;,&quot;left&quot;:&quot;&quot;,&quot;isLinked&quot;:true}}\">\n\t\t\t\t\t\t<section class=\"elementor-section elementor-top-section elementor-element elementor-element-409873da elementor-section-boxed elementor-section-height-default elementor-section-height-default\" data-id=\"409873da\" data-element_type=\"section\" data-e-type=\"section\" data-settings=\"{&quot;background_background&quot;:&quot;gradient&quot;}\">\n\t\t\t\t\t\t<div class=\"elementor-container elementor-column-gap-default\">\n\t\t\t\t\t<div class=\"elementor-column elementor-col-100 elementor-top-column elementor-element elementor-element-1e26041f\" data-id=\"1e26041f\" data-element_type=\"column\" data-e-type=\"column\">\n\t\t\t<div class=\"elementor-widget-wrap elementor-element-populated\">\n\t\t\t\t\t\t<div class=\"elementor-element elementor-element-bf4d1f7 elementor-arrows-position-inside elementor-pagination-position-outside elementor-widget elementor-widget-image-carousel\" data-id=\"bf4d1f7\" data-element_type=\"widget\" data-e-type=\"widget\" data-settings=\"{&quot;navigation&quot;:&quot;both&quot;,&quot;infinite&quot;:&quot;yes&quot;,&quot;speed&quot;:500,&quot;image_spacing_custom&quot;:{&quot;unit&quot;:&quot;px&quot;,&quot;size&quot;:20,&quot;sizes&quot;:[]},&quot;image_spacing_custom_tablet&quot;:{&quot;unit&quot;:&quot;px&quot;,&quot;size&quot;:&quot;&quot;,&quot;sizes&quot;:[]},&quot;image_spacing_custom_mobile&quot;:{&quot;unit&quot;:&quot;px&quot;,&quot;size&quot;:&quot;&quot;,&quot;sizes&quot;:[]}}\" data-widget_type=\"image-carousel.default\">\n\t\t\t\t<div class=\"elementor-widget-container\">\n\t\t\t\t\t\t\t<div class=\"elementor-image-carousel-wrapper swiper\" role=\"region\" aria-roledescription=\"carousel\" aria-label=\"Carrousel d\u2019images\" dir=\"ltr\">\n\t\t\t<div class=\"elementor-image-carousel swiper-wrapper\" aria-live=\"polite\">\n\t\t\t\t\t\t\t\t<div class=\"swiper-slide\" role=\"group\" aria-roledescription=\"slide\" aria-label=\"1 sur 5\"><figure class=\"swiper-slide-inner\"><img decoding=\"async\" class=\"swiper-slide-image\" src=\"https:\/\/dentexp.com\/wp-content\/uploads\/2024\/11\/CAD-CAM.jpg\" alt=\"CAD-CAM\" \/><\/figure><\/div><div class=\"swiper-slide\" role=\"group\" aria-roledescription=\"slide\" aria-label=\"2 sur 5\"><figure class=\"swiper-slide-inner\"><img decoding=\"async\" class=\"swiper-slide-image\" src=\"https:\/\/dentexp.com\/wp-content\/uploads\/2024\/11\/CADCAM-3.jpg\" alt=\"CADCAM-3\" \/><\/figure><\/div><div class=\"swiper-slide\" role=\"group\" aria-roledescription=\"slide\" aria-label=\"3 sur 5\"><figure class=\"swiper-slide-inner\"><img decoding=\"async\" class=\"swiper-slide-image\" src=\"https:\/\/dentexp.com\/wp-content\/uploads\/2024\/11\/CADCAM-4.jpg\" alt=\"CADCAM-4\" \/><\/figure><\/div><div class=\"swiper-slide\" role=\"group\" aria-roledescription=\"slide\" aria-label=\"4 sur 5\"><figure class=\"swiper-slide-inner\"><img decoding=\"async\" class=\"swiper-slide-image\" src=\"https:\/\/dentexp.com\/wp-content\/uploads\/2024\/11\/CADCAM-2.jpg\" alt=\"CADCAM-2\" \/><\/figure><\/div><div class=\"swiper-slide\" role=\"group\" aria-roledescription=\"slide\" aria-label=\"5 sur 5\"><figure class=\"swiper-slide-inner\"><img decoding=\"async\" class=\"swiper-slide-image\" src=\"https:\/\/dentexp.com\/wp-content\/uploads\/2024\/11\/CADCAM-5.jpg\" alt=\"CADCAM-5\" \/><\/figure><\/div>\t\t\t<\/div>\n\t\t\t\t\t\t\t\t\t\t\t\t<div class=\"elementor-swiper-button elementor-swiper-button-prev\" role=\"button\" tabindex=\"0\">\n\t\t\t\t\t\t<svg aria-hidden=\"true\" class=\"e-font-icon-svg e-eicon-chevron-left\" viewBox=\"0 0 1000 1000\" xmlns=\"http:\/\/www.w3.org\/2000\/svg\"><path d=\"M646 125C629 125 613 133 604 142L308 442C296 454 292 471 292 487 292 504 296 521 308 533L604 854C617 867 629 875 646 875 663 875 679 871 692 858 704 846 713 829 713 812 713 796 708 779 692 767L438 487 692 225C700 217 708 204 708 187 708 171 704 154 692 142 675 129 663 125 646 125Z\"><\/path><\/svg>\t\t\t\t\t<\/div>\n\t\t\t\t\t<div class=\"elementor-swiper-button elementor-swiper-button-next\" role=\"button\" tabindex=\"0\">\n\t\t\t\t\t\t<svg aria-hidden=\"true\" class=\"e-font-icon-svg e-eicon-chevron-right\" viewBox=\"0 0 1000 1000\" xmlns=\"http:\/\/www.w3.org\/2000\/svg\"><path d=\"M696 533C708 521 713 504 713 487 713 471 708 454 696 446L400 146C388 133 375 125 354 125 338 125 325 129 313 142 300 154 292 171 292 187 292 204 296 221 308 233L563 492 304 771C292 783 288 800 288 817 288 833 296 850 308 863 321 871 338 875 354 875 371 875 388 867 400 854L696 533Z\"><\/path><\/svg>\t\t\t\t\t<\/div>\n\t\t\t\t\n\t\t\t\t\t\t\t\t\t<div class=\"swiper-pagination\"><\/div>\n\t\t\t\t\t\t\t\t\t<\/div>\n\t\t\t\t\t\t<\/div>\n\t\t\t\t<\/div>\n\t\t\t\t<div class=\"elementor-element elementor-element-cffc2fb elementor-widget elementor-widget-text-editor\" data-id=\"cffc2fb\" data-element_type=\"widget\" data-e-type=\"widget\" data-widget_type=\"text-editor.default\">\n\t\t\t\t<div class=\"elementor-widget-container\">\n\t\t\t\t\t\t\t\t\t<p>Au centre Dental Experts, nous utilisons la technologie avanc\u00e9e CEREC (Chairside Economical Restoration of Esthetic Ceramics) CAD\/CAM pour offrir des restaurations dentaires de haute qualit\u00e9. Ce syst\u00e8me innovant permet de cr\u00e9er des restaurations dentaires en c\u00e9ramique pr\u00e9cises gr\u00e2ce \u00e0 des technologies assist\u00e9es par ordinateur, incluant la photographie 3D et le CAD\/CAM. Gr\u00e2ce \u00e0 CEREC, nous pouvons restaurer vos dents en une seule visite, garantissant efficacit\u00e9 et praticit\u00e9.<\/p><p><b>Avantages de la Technologie CEREC CAD\/CAM<\/b><\/p><p><b>Restaurations en Une Seule Visite :<\/b><br \/>\u2022 <b>Efficacit\u00e9 :<\/b> Les m\u00e9thodes traditionnelles n\u00e9cessitent plusieurs rendez-vous, mais avec CEREC, les couronnes, onlays et inlays sont pr\u00e9par\u00e9s et pos\u00e9s en une seule s\u00e9ance.<br \/>\u2022 <b>Gain de Temps :<\/b> \u00c9limine le besoin de restaurations temporaires et de multiples visites, \u00e9conomisant du temps pour le patient et le dentiste.<\/p><p><b>Technologie Avanc\u00e9e :<\/b><br \/>\u2022 <b>Photographie 3D et CAD\/CAM :<\/b> Utilise des images 3D pr\u00e9cises et la conception\/fabrication assist\u00e9e par ordinateur pour cr\u00e9er des restaurations parfaitement adapt\u00e9es.<br \/>\u2022 <b>Mat\u00e9riaux de Haute Qualit\u00e9 :<\/b> Emploie une vari\u00e9t\u00e9 de c\u00e9ramiques durables et esth\u00e9tiques.<\/p><p><b>Am\u00e9lioration de l\u2019Exp\u00e9rience Patient :<\/b><br \/>\u2022 <b>Confort :<\/b> R\u00e9duit l\u2019inconfort li\u00e9 aux empreintes traditionnelles et aux restaurations temporaires.<br \/>\u2022 <b>Satisfaction :<\/b> Des r\u00e9sultats de haute qualit\u00e9 et durables qui s\u2019int\u00e8grent harmonieusement aux dents naturelles, assurant la satisfaction des patients.<\/p><p><b>Applications Polyvalentes :<\/b><br \/>\u2022 <b>Couronnes et Bridges :<\/b> Id\u00e9al pour restaurer les dents endommag\u00e9es et remplacer celles manquantes.<br \/>\u2022 <b>Onlays et Inlays :<\/b> Efficace pour restaurer de grandes cavit\u00e9s tout en pr\u00e9servant la structure dentaire.<\/p><p><b>Pourquoi Choisir CEREC au Centre Dental Experts ?<\/b><\/p><p>\u2022 <b>Pr\u00e9cision et Efficacit\u00e9 :<\/b> Garantit des r\u00e9sultats pr\u00e9visibles avec des flux de travail optimis\u00e9s, am\u00e9liorant l\u2019exp\u00e9rience globale des soins dentaires.<br \/>\u2022 <b>Int\u00e9gration Fluide :<\/b> S\u2019int\u00e8gre parfaitement dans notre pratique, permettant des traitements fluides et efficaces.<br \/>\u2022 <b>R\u00e9sultats Exceptionnels :<\/b> Fournit des restaurations esth\u00e9tiques de haute qualit\u00e9 qui r\u00e9pondent aux besoins et attentes de nos patients.<\/p>\t\t\t\t\t\t\t\t<\/div>\n\t\t\t\t<\/div>\n\t\t\t\t<div class=\"elementor-element elementor-element-c6b471a elementor-widget-divider--view-line elementor-widget elementor-widget-divider\" data-id=\"c6b471a\" data-element_type=\"widget\" data-e-type=\"widget\" data-widget_type=\"divider.default\">\n\t\t\t\t<div class=\"elementor-widget-container\">\n\t\t\t\t\t\t\t<div class=\"elementor-divider\">\n\t\t\t<span class=\"elementor-divider-separator\">\n\t\t\t\t\t\t<\/span>\n\t\t<\/div>\n\t\t\t\t\t\t<\/div>\n\t\t\t\t<\/div>\n\t\t\t\t<section class=\"elementor-section elementor-inner-section elementor-element elementor-element-40a86cfc elementor-section-boxed elementor-section-height-default elementor-section-height-default\" data-id=\"40a86cfc\" data-element_type=\"section\" data-e-type=\"section\">\n\t\t\t\t\t\t<div class=\"elementor-container elementor-column-gap-default\">\n\t\t\t\t\t<div class=\"elementor-column elementor-col-50 elementor-inner-column elementor-element elementor-element-527016ef\" data-id=\"527016ef\" data-element_type=\"column\" data-e-type=\"column\">\n\t\t\t<div class=\"elementor-widget-wrap elementor-element-populated\">\n\t\t\t\t\t\t<div class=\"elementor-element elementor-element-7e39cef elementor-widget elementor-widget-video\" data-id=\"7e39cef\" data-element_type=\"widget\" data-e-type=\"widget\" data-settings=\"{&quot;video_type&quot;:&quot;vimeo&quot;}\" data-widget_type=\"video.default\">\n\t\t\t\t<div class=\"elementor-widget-container\">\n\t\t\t\t\t\t\t<div class=\"elementor-wrapper elementor-open-inline\">\n\t\t\t<iframe class=\"elementor-video-iframe\" allowfullscreen allow=\"clipboard-write\" title=\"Lecteur vid\u00e9o vimeo\" src=\"https:\/\/player.vimeo.com\/video\/784944102?color&amp;autopause=0&amp;loop=0&amp;muted=0&amp;title=1&amp;portrait=0&amp;byline=1#t=\"><\/iframe>\t\t<\/div>\n\t\t\t\t\t\t<\/div>\n\t\t\t\t<\/div>\n\t\t\t\t\t<\/div>\n\t\t<\/div>\n\t\t\t\t<div class=\"elementor-column elementor-col-50 elementor-inner-column elementor-element elementor-element-c0dfd86\" data-id=\"c0dfd86\" data-element_type=\"column\" data-e-type=\"column\">\n\t\t\t<div class=\"elementor-widget-wrap elementor-element-populated\">\n\t\t\t\t\t\t<div class=\"elementor-element elementor-element-cfdc5aa elementor-widget elementor-widget-video\" data-id=\"cfdc5aa\" data-element_type=\"widget\" data-e-type=\"widget\" data-settings=\"{&quot;video_type&quot;:&quot;vimeo&quot;}\" data-widget_type=\"video.default\">\n\t\t\t\t<div class=\"elementor-widget-container\">\n\t\t\t\t\t\t\t<div class=\"elementor-wrapper elementor-open-inline\">\n\t\t\t<iframe class=\"elementor-video-iframe\" allowfullscreen allow=\"clipboard-write\" title=\"Lecteur vid\u00e9o vimeo\" src=\"https:\/\/player.vimeo.com\/video\/784942333?color&amp;autopause=0&amp;loop=0&amp;muted=0&amp;title=1&amp;portrait=0&amp;byline=1#t=\"><\/iframe>\t\t<\/div>\n\t\t\t\t\t\t<\/div>\n\t\t\t\t<\/div>\n\t\t\t\t\t<\/div>\n\t\t<\/div>\n\t\t\t\t\t<\/div>\n\t\t<\/section>\n\t\t\t\t\t<\/div>\n\t\t<\/div>\n\t\t\t\t\t<\/div>\n\t\t<\/section>\n\t\t\t\t<\/div>\n\t\t","protected":false},"excerpt":{"rendered":"<p>Au centre Dental Experts, nous utilisons la technologie avanc\u00e9e CEREC (Chairside Economical Restoration of Esthetic Ceramics) CAD\/CAM pour offrir des restaurations dentaires de haute qualit\u00e9. Ce syst\u00e8me innovant permet de cr\u00e9er des restaurations dentaires en c\u00e9ramique pr\u00e9cises gr\u00e2ce \u00e0 des technologies assist\u00e9es par ordinateur, incluant la photographie 3D et le CAD\/CAM. Gr\u00e2ce \u00e0 CEREC, nous [&hellip;]<\/p>\n","protected":false},"author":1,"featured_media":0,"parent":1904,"menu_order":0,"comment_status":"closed","ping_status":"closed","template":"","meta":{"footnotes":""},"class_list":["post-1940","page","type-page","status-publish","hentry"],"yoast_head":"<!-- This site is optimized with the Yoast SEO plugin v27.3 - https:\/\/yoast.com\/product\/yoast-seo-wordpress\/ -->\n<title>CEREC CAD\/CAM &amp; Machine de Fraisage | Dental Experts Center<\/title>\n<meta name=\"description\" content=\"D\u00e9couvrez la technologie CEREC CAD\/CAM au Dental Experts Center Abu Dhabi. Couronnes et restaurations pr\u00e9cises en un seul rendez-vous.\" \/>\n<meta name=\"robots\" content=\"index, follow, max-snippet:-1, max-image-preview:large, max-video-preview:-1\" \/>\n<link rel=\"canonical\" href=\"https:\/\/dentexp.com\/fr\/technologie\/cerec-cad-cam-machine-de-fraisage\/\" \/>\n<meta property=\"og:locale\" content=\"fr_FR\" \/>\n<meta property=\"og:type\" content=\"article\" \/>\n<meta property=\"og:title\" content=\"CEREC CAD\/CAM &amp; Machine de Fraisage | Dental Experts Center\" \/>\n<meta property=\"og:description\" content=\"D\u00e9couvrez la technologie CEREC CAD\/CAM au Dental Experts Center Abu Dhabi. Couronnes et restaurations pr\u00e9cises en un seul rendez-vous.\" \/>\n<meta property=\"og:url\" content=\"https:\/\/dentexp.com\/fr\/technologie\/cerec-cad-cam-machine-de-fraisage\/\" \/>\n<meta property=\"og:site_name\" content=\"Dental Experts Center\" \/>\n<meta property=\"article:publisher\" content=\"https:\/\/www.facebook.com\/dentalexpertscenter\/\" \/>\n<meta property=\"article:modified_time\" content=\"2025-04-28T18:08:26+00:00\" \/>\n<meta property=\"og:image\" content=\"https:\/\/dentexp.com\/wp-content\/uploads\/2024\/11\/CAD-CAM.jpg\" \/>\n<meta name=\"twitter:card\" content=\"summary_large_image\" \/>\n<meta name=\"twitter:label1\" content=\"Dur\u00e9e de lecture estim\u00e9e\" \/>\n\t<meta name=\"twitter:data1\" content=\"3 minutes\" \/>\n<script type=\"application\/ld+json\" class=\"yoast-schema-graph\">{\"@context\":\"https:\\\/\\\/schema.org\",\"@graph\":[{\"@type\":\"WebPage\",\"@id\":\"https:\\\/\\\/dentexp.com\\\/fr\\\/technologie\\\/cerec-cad-cam-machine-de-fraisage\\\/\",\"url\":\"https:\\\/\\\/dentexp.com\\\/fr\\\/technologie\\\/cerec-cad-cam-machine-de-fraisage\\\/\",\"name\":\"CEREC CAD\\\/CAM & Machine de Fraisage | Dental Experts Center\",\"isPartOf\":{\"@id\":\"https:\\\/\\\/dentexp.com\\\/#website\"},\"primaryImageOfPage\":{\"@id\":\"https:\\\/\\\/dentexp.com\\\/fr\\\/technologie\\\/cerec-cad-cam-machine-de-fraisage\\\/#primaryimage\"},\"image\":{\"@id\":\"https:\\\/\\\/dentexp.com\\\/fr\\\/technologie\\\/cerec-cad-cam-machine-de-fraisage\\\/#primaryimage\"},\"thumbnailUrl\":\"https:\\\/\\\/dentexp.com\\\/wp-content\\\/uploads\\\/2024\\\/11\\\/CAD-CAM.jpg\",\"datePublished\":\"2024-11-14T20:02:35+00:00\",\"dateModified\":\"2025-04-28T18:08:26+00:00\",\"description\":\"D\u00e9couvrez la technologie CEREC CAD\\\/CAM au Dental Experts Center Abu Dhabi. Couronnes et restaurations pr\u00e9cises en un seul rendez-vous.\",\"breadcrumb\":{\"@id\":\"https:\\\/\\\/dentexp.com\\\/fr\\\/technologie\\\/cerec-cad-cam-machine-de-fraisage\\\/#breadcrumb\"},\"inLanguage\":\"fr-FR\",\"potentialAction\":[{\"@type\":\"ReadAction\",\"target\":[\"https:\\\/\\\/dentexp.com\\\/fr\\\/technologie\\\/cerec-cad-cam-machine-de-fraisage\\\/\"]}]},{\"@type\":\"ImageObject\",\"inLanguage\":\"fr-FR\",\"@id\":\"https:\\\/\\\/dentexp.com\\\/fr\\\/technologie\\\/cerec-cad-cam-machine-de-fraisage\\\/#primaryimage\",\"url\":\"https:\\\/\\\/dentexp.com\\\/wp-content\\\/uploads\\\/2024\\\/11\\\/CAD-CAM.jpg\",\"contentUrl\":\"https:\\\/\\\/dentexp.com\\\/wp-content\\\/uploads\\\/2024\\\/11\\\/CAD-CAM.jpg\"},{\"@type\":\"BreadcrumbList\",\"@id\":\"https:\\\/\\\/dentexp.com\\\/fr\\\/technologie\\\/cerec-cad-cam-machine-de-fraisage\\\/#breadcrumb\",\"itemListElement\":[{\"@type\":\"ListItem\",\"position\":1,\"name\":\"Home\",\"item\":\"https:\\\/\\\/dentexp.com\\\/\"},{\"@type\":\"ListItem\",\"position\":2,\"name\":\"Technologie\",\"item\":\"https:\\\/\\\/dentexp.com\\\/fr\\\/technologie\\\/\"},{\"@type\":\"ListItem\",\"position\":3,\"name\":\"CEREC CAD\\\/CAM &#038; Machine de Fraisage\"}]},{\"@type\":\"WebSite\",\"@id\":\"https:\\\/\\\/dentexp.com\\\/#website\",\"url\":\"https:\\\/\\\/dentexp.com\\\/\",\"name\":\"Dental Experts Center\",\"description\":\"Your Dental Clinic in Abu Dhabi\",\"potentialAction\":[{\"@type\":\"SearchAction\",\"target\":{\"@type\":\"EntryPoint\",\"urlTemplate\":\"https:\\\/\\\/dentexp.com\\\/?s={search_term_string}\"},\"query-input\":{\"@type\":\"PropertyValueSpecification\",\"valueRequired\":true,\"valueName\":\"search_term_string\"}}],\"inLanguage\":\"fr-FR\"}]}<\/script>\n<!-- \/ Yoast SEO plugin. -->","yoast_head_json":{"title":"CEREC CAD\/CAM & Machine de Fraisage | Dental Experts Center","description":"D\u00e9couvrez la technologie CEREC CAD\/CAM au Dental Experts Center Abu Dhabi. Couronnes et restaurations pr\u00e9cises en un seul rendez-vous.","robots":{"index":"index","follow":"follow","max-snippet":"max-snippet:-1","max-image-preview":"max-image-preview:large","max-video-preview":"max-video-preview:-1"},"canonical":"https:\/\/dentexp.com\/fr\/technologie\/cerec-cad-cam-machine-de-fraisage\/","og_locale":"fr_FR","og_type":"article","og_title":"CEREC CAD\/CAM & Machine de Fraisage | Dental Experts Center","og_description":"D\u00e9couvrez la technologie CEREC CAD\/CAM au Dental Experts Center Abu Dhabi. Couronnes et restaurations pr\u00e9cises en un seul rendez-vous.","og_url":"https:\/\/dentexp.com\/fr\/technologie\/cerec-cad-cam-machine-de-fraisage\/","og_site_name":"Dental Experts Center","article_publisher":"https:\/\/www.facebook.com\/dentalexpertscenter\/","article_modified_time":"2025-04-28T18:08:26+00:00","og_image":[{"url":"https:\/\/dentexp.com\/wp-content\/uploads\/2024\/11\/CAD-CAM.jpg","type":"","width":"","height":""}],"twitter_card":"summary_large_image","twitter_misc":{"Dur\u00e9e de lecture estim\u00e9e":"3 minutes"},"schema":{"@context":"https:\/\/schema.org","@graph":[{"@type":"WebPage","@id":"https:\/\/dentexp.com\/fr\/technologie\/cerec-cad-cam-machine-de-fraisage\/","url":"https:\/\/dentexp.com\/fr\/technologie\/cerec-cad-cam-machine-de-fraisage\/","name":"CEREC CAD\/CAM & Machine de Fraisage | Dental Experts Center","isPartOf":{"@id":"https:\/\/dentexp.com\/#website"},"primaryImageOfPage":{"@id":"https:\/\/dentexp.com\/fr\/technologie\/cerec-cad-cam-machine-de-fraisage\/#primaryimage"},"image":{"@id":"https:\/\/dentexp.com\/fr\/technologie\/cerec-cad-cam-machine-de-fraisage\/#primaryimage"},"thumbnailUrl":"https:\/\/dentexp.com\/wp-content\/uploads\/2024\/11\/CAD-CAM.jpg","datePublished":"2024-11-14T20:02:35+00:00","dateModified":"2025-04-28T18:08:26+00:00","description":"D\u00e9couvrez la technologie CEREC CAD\/CAM au Dental Experts Center Abu Dhabi. Couronnes et restaurations pr\u00e9cises en un seul rendez-vous.","breadcrumb":{"@id":"https:\/\/dentexp.com\/fr\/technologie\/cerec-cad-cam-machine-de-fraisage\/#breadcrumb"},"inLanguage":"fr-FR","potentialAction":[{"@type":"ReadAction","target":["https:\/\/dentexp.com\/fr\/technologie\/cerec-cad-cam-machine-de-fraisage\/"]}]},{"@type":"ImageObject","inLanguage":"fr-FR","@id":"https:\/\/dentexp.com\/fr\/technologie\/cerec-cad-cam-machine-de-fraisage\/#primaryimage","url":"https:\/\/dentexp.com\/wp-content\/uploads\/2024\/11\/CAD-CAM.jpg","contentUrl":"https:\/\/dentexp.com\/wp-content\/uploads\/2024\/11\/CAD-CAM.jpg"},{"@type":"BreadcrumbList","@id":"https:\/\/dentexp.com\/fr\/technologie\/cerec-cad-cam-machine-de-fraisage\/#breadcrumb","itemListElement":[{"@type":"ListItem","position":1,"name":"Home","item":"https:\/\/dentexp.com\/"},{"@type":"ListItem","position":2,"name":"Technologie","item":"https:\/\/dentexp.com\/fr\/technologie\/"},{"@type":"ListItem","position":3,"name":"CEREC CAD\/CAM &#038; Machine de Fraisage"}]},{"@type":"WebSite","@id":"https:\/\/dentexp.com\/#website","url":"https:\/\/dentexp.com\/","name":"Dental Experts Center","description":"Your Dental Clinic in Abu Dhabi","potentialAction":[{"@type":"SearchAction","target":{"@type":"EntryPoint","urlTemplate":"https:\/\/dentexp.com\/?s={search_term_string}"},"query-input":{"@type":"PropertyValueSpecification","valueRequired":true,"valueName":"search_term_string"}}],"inLanguage":"fr-FR"}]}},"_links":{"self":[{"href":"https:\/\/dentexp.com\/fr\/wp-json\/wp\/v2\/pages\/1940","targetHints":{"allow":["GET"]}}],"collection":[{"href":"https:\/\/dentexp.com\/fr\/wp-json\/wp\/v2\/pages"}],"about":[{"href":"https:\/\/dentexp.com\/fr\/wp-json\/wp\/v2\/types\/page"}],"author":[{"embeddable":true,"href":"https:\/\/dentexp.com\/fr\/wp-json\/wp\/v2\/users\/1"}],"replies":[{"embeddable":true,"href":"https:\/\/dentexp.com\/fr\/wp-json\/wp\/v2\/comments?post=1940"}],"version-history":[{"count":1,"href":"https:\/\/dentexp.com\/fr\/wp-json\/wp\/v2\/pages\/1940\/revisions"}],"predecessor-version":[{"id":2362,"href":"https:\/\/dentexp.com\/fr\/wp-json\/wp\/v2\/pages\/1940\/revisions\/2362"}],"up":[{"embeddable":true,"href":"https:\/\/dentexp.com\/fr\/wp-json\/wp\/v2\/pages\/1904"}],"wp:attachment":[{"href":"https:\/\/dentexp.com\/fr\/wp-json\/wp\/v2\/media?parent=1940"}],"curies":[{"name":"wp","href":"https:\/\/api.w.org\/{rel}","templated":true}]}}